{"id":29403,"date":"2021-02-14T23:15:47","date_gmt":"2021-02-14T22:15:47","guid":{"rendered":"https:\/\/schibano-swiss-pharma.net\/kontakt\/"},"modified":"2023-10-19T22:02:43","modified_gmt":"2023-10-19T20:02:43","slug":"kontakt","status":"publish","type":"page","link":"https:\/\/schibano-swiss-pharma.com\/en\/kontakt\/","title":{"rendered":"Contact"},"content":{"rendered":"<p>[et_pb_section fb_built=&#8221;1&#8243; module_class=&#8221;contact-header-site&#8221; _builder_version=&#8221;4.16&#8243; _module_preset=&#8221;default&#8221; width=&#8221;100%&#8221; max_width=&#8221;1440px&#8221; custom_padding=&#8221;132px||8px||false|false&#8221; global_colors_info=&#8221;{}&#8221;][\/et_pb_section][et_pb_section fb_built=&#8221;1&#8243; _builder_version=&#8221;4.17.6&#8243; _module_preset=&#8221;default&#8221; custom_margin=&#8221;0px|0px||0px|false|false&#8221; custom_padding=&#8221;0px|25px|4px|30px|false|false&#8221; global_colors_info=&#8221;{}&#8221;][et_pb_row make_equal=&#8221;on&#8221; module_class=&#8221;contact-formular&#8221; _builder_version=&#8221;4.16&#8243; _module_preset=&#8221;default&#8221; width=&#8221;100%&#8221; max_width=&#8221;1440px&#8221; module_alignment=&#8221;center&#8221; custom_margin=&#8221;|0px||25px|false|false&#8221; custom_padding=&#8221;7px|0px||0px|false|false&#8221; global_colors_info=&#8221;{}&#8221;][et_pb_column type=&#8221;4_4&#8243; _builder_version=&#8221;4.16&#8243; _module_preset=&#8221;default&#8221; global_colors_info=&#8221;{}&#8221;][et_pb_text _builder_version=&#8221;4.17.6&#8243; _module_preset=&#8221;default&#8221; header_font=&#8221;||||||||&#8221; header_font_size=&#8221;50px&#8221; header_letter_spacing=&#8221;0.55px&#8221; header_line_height=&#8221;55px&#8221; width=&#8221;100%&#8221; module_alignment=&#8221;center&#8221; custom_margin=&#8221;||0px|0px|false|false&#8221; custom_padding=&#8221;||45px|0px|false|false&#8221; global_colors_info=&#8221;{}&#8221;]<\/p>\n<h1>contact<\/h1>\n<p>[\/et_pb_text][et_pb_text disabled_on=&#8221;off|off|on&#8221; _builder_version=&#8221;4.16&#8243; _module_preset=&#8221;default&#8221; text_letter_spacing=&#8221;0.55px&#8221; text_line_height=&#8221;26px&#8221; custom_margin=&#8221;||0px||false|false&#8221; custom_padding=&#8221;||0px||false|false&#8221; global_colors_info=&#8221;{}&#8221;]<a class=\"underline\" href=\"tel:0041713600224\">+41 (0)71 360 02 24<\/a><br \/>\n<a class=\"underline\" href=\"mailto:info@schibano-pharma.ch\">info@schibano-pharma.ch<\/a><\/p>\n<p>Schibano Pharma AG<br \/>\nT\u00fcfi 450<br \/>\nCH-9105 Wald-Sch\u00f6nengrund[\/et_pb_text][et_pb_text _builder_version=&#8221;4.17.6&#8243; _module_preset=&#8221;default&#8221; text_letter_spacing=&#8221;0.55px&#8221; text_line_height=&#8221;26px&#8221; width=&#8221;100%&#8221; max_width=&#8221;1400px&#8221; global_colors_info=&#8221;{}&#8221;]We look forward to hearing from you. Our team will be happy to assist you at any time.[\/et_pb_text][\/et_pb_column][\/et_pb_row][et_pb_row column_structure=&#8221;1_2,1_2&#8243; make_equal=&#8221;on&#8221; module_class=&#8221;contact-formular&#8221; _builder_version=&#8221;4.16&#8243; _module_preset=&#8221;default&#8221; width=&#8221;100%&#8221; max_width=&#8221;1440px&#8221; module_alignment=&#8221;center&#8221; custom_margin=&#8221;|0px||0px|false|false&#8221; custom_padding=&#8221;5px||0px||false|false&#8221; global_colors_info=&#8221;{}&#8221;][et_pb_column type=&#8221;1_2&#8243; _builder_version=&#8221;4.16&#8243; _module_preset=&#8221;default&#8221; custom_padding=&#8221;||0px||false|false&#8221; global_colors_info=&#8221;{}&#8221;][et_pb_contact_form use_spam_service=&#8221;on&#8221; recaptcha_list=&#8221;schibano|schibano-0&#8243; email=&#8221;info@schibano-pharma.ch&#8221; custom_message=&#8221;name: %%Name%%||et_pb_line_break_holder||||et_pb_line_break_holder||email: %%Email%%||et_pb_line_break_holder||||et_pb_line_break_holder||message: %%Message%%&#8221; success_message=&#8221;We will contact you.&#8221; module_class=&#8221;contact-formular&#8221; _builder_version=&#8221;4.17.6&#8243; _unique_id=&#8221;a995136c-44ed-49ac-8dc5-01fe9a040e8e&#8221; form_field_font=&#8221;Glegoo||||||||&#8221; custom_button=&#8221;on&#8221; button_text_size=&#8221;20px&#8221; button_text_color=&#8221;#7aa63f&#8221; button_bg_color=&#8221;#ffffff&#8221; button_border_width=&#8221;2px&#8221; button_border_color=&#8221;#76b729&#8243; button_border_radius=&#8221;28px&#8221; button_letter_spacing=&#8221;2px&#8221; button_font=&#8221;|||on|||||&#8221; button_icon=&#8221;&#x35;||divi||400&#8243; button_icon_color=&#8221;#76b729&#8243; button_custom_padding=&#8221;|35px||35px|false|false&#8221; max_width=&#8221;800px&#8221; module_alignment=&#8221;center&#8221; border_color_all=&#8221;rgba(23,29,41,0.12)&#8221; border_width_bottom=&#8221;2px&#8221; form_background_color=&#8221;rgba(0,0,0,0)&#8221; global_colors_info=&#8221;{}&#8221; button_text_color__hover=&#8221;#1d48c0&#8243; box_shadow_horizontal_button__hover_enabled=&#8221;on&#8221; box_shadow_horizontal_button__hover=&#8221;250px&#8221; form_field_text_color__hover_enabled=&#8221;on|desktop&#8221;][et_pb_contact_field field_id=&#8221;Name&#8221; field_title=&#8221;Name *&#8221; fullwidth_field=&#8221;on&#8221; _builder_version=&#8221;4.17.6&#8243; global_colors_info=&#8221;{}&#8221; button_text_size__hover_enabled=&#8221;off&#8221; button_one_text_size__hover_enabled=&#8221;off&#8221; button_two_text_size__hover_enabled=&#8221;off&#8221; button_text_color__hover_enabled=&#8221;off&#8221; button_one_text_color__hover_enabled=&#8221;off&#8221; button_two_text_color__hover_enabled=&#8221;off&#8221; button_border_width__hover_enabled=&#8221;off&#8221; button_one_border_width__hover_enabled=&#8221;off&#8221; button_two_border_width__hover_enabled=&#8221;off&#8221; button_border_color__hover_enabled=&#8221;off&#8221; button_one_border_color__hover_enabled=&#8221;off&#8221; button_two_border_color__hover_enabled=&#8221;off&#8221; button_border_radius__hover_enabled=&#8221;off&#8221; button_one_border_radius__hover_enabled=&#8221;off&#8221; button_two_border_radius__hover_enabled=&#8221;off&#8221; button_letter_spacing__hover_enabled=&#8221;off&#8221; button_one_letter_spacing__hover_enabled=&#8221;off&#8221; button_two_letter_spacing__hover_enabled=&#8221;off&#8221; button_bg_color__hover_enabled=&#8221;off&#8221; button_one_bg_color__hover_enabled=&#8221;off&#8221; button_two_bg_color__hover_enabled=&#8221;off&#8221;][\/et_pb_contact_field][et_pb_contact_field field_id=&#8221;Email&#8221; field_title=&#8221;Email Address *&#8221; field_type=&#8221;email&#8221; fullwidth_field=&#8221;on&#8221; _builder_version=&#8221;4.17.6&#8243; global_colors_info=&#8221;{}&#8221; button_text_size__hover_enabled=&#8221;off&#8221; button_one_text_size__hover_enabled=&#8221;off&#8221; button_two_text_size__hover_enabled=&#8221;off&#8221; button_text_color__hover_enabled=&#8221;off&#8221; button_one_text_color__hover_enabled=&#8221;off&#8221; button_two_text_color__hover_enabled=&#8221;off&#8221; button_border_width__hover_enabled=&#8221;off&#8221; button_one_border_width__hover_enabled=&#8221;off&#8221; button_two_border_width__hover_enabled=&#8221;off&#8221; button_border_color__hover_enabled=&#8221;off&#8221; button_one_border_color__hover_enabled=&#8221;off&#8221; button_two_border_color__hover_enabled=&#8221;off&#8221; button_border_radius__hover_enabled=&#8221;off&#8221; button_one_border_radius__hover_enabled=&#8221;off&#8221; button_two_border_radius__hover_enabled=&#8221;off&#8221; button_letter_spacing__hover_enabled=&#8221;off&#8221; button_one_letter_spacing__hover_enabled=&#8221;off&#8221; button_two_letter_spacing__hover_enabled=&#8221;off&#8221; button_bg_color__hover_enabled=&#8221;off&#8221; button_one_bg_color__hover_enabled=&#8221;off&#8221; button_two_bg_color__hover_enabled=&#8221;off&#8221;][\/et_pb_contact_field][et_pb_contact_field field_id=&#8221;Message&#8221; field_title=&#8221;Message *&#8221; field_type=&#8221;text&#8221; fullwidth_field=&#8221;on&#8221; _builder_version=&#8221;4.17.6&#8243; custom_margin=&#8221;||40px&#8221; global_colors_info=&#8221;{}&#8221; button_text_size__hover_enabled=&#8221;off&#8221; button_one_text_size__hover_enabled=&#8221;off&#8221; button_two_text_size__hover_enabled=&#8221;off&#8221; button_text_color__hover_enabled=&#8221;off&#8221; button_one_text_color__hover_enabled=&#8221;off&#8221; button_two_text_color__hover_enabled=&#8221;off&#8221; button_border_width__hover_enabled=&#8221;off&#8221; button_one_border_width__hover_enabled=&#8221;off&#8221; button_two_border_width__hover_enabled=&#8221;off&#8221; button_border_color__hover_enabled=&#8221;off&#8221; button_one_border_color__hover_enabled=&#8221;off&#8221; button_two_border_color__hover_enabled=&#8221;off&#8221; button_border_radius__hover_enabled=&#8221;off&#8221; button_one_border_radius__hover_enabled=&#8221;off&#8221; button_two_border_radius__hover_enabled=&#8221;off&#8221; button_letter_spacing__hover_enabled=&#8221;off&#8221; button_one_letter_spacing__hover_enabled=&#8221;off&#8221; button_two_letter_spacing__hover_enabled=&#8221;off&#8221; button_bg_color__hover_enabled=&#8221;off&#8221; button_one_bg_color__hover_enabled=&#8221;off&#8221; button_two_bg_color__hover_enabled=&#8221;off&#8221;][\/et_pb_contact_field][et_pb_contact_field field_id=&#8221;pflichtfeld&#8221; field_title=&#8221;* Mandatory fields&#8221; required_mark=&#8221;off&#8221; fullwidth_field=&#8221;on&#8221; _builder_version=&#8221;4.17.6&#8243; _module_preset=&#8221;default&#8221; global_colors_info=&#8221;{}&#8221;][\/et_pb_contact_field][et_pb_contact_field field_id=&#8221;Field_5&#8243; field_title=&#8221; &#8221; field_type=&#8221;checkbox&#8221; checkbox_options=&#8221;%91{%22value%22:%22Zustimmung%22,%22checked%22:0,%22dragID%22:-1,%22link_url%22:%22https:\/\/schibano-swiss-pharma.ch\/datenschutz\/%22,%22link_text%22:%22%22}%93&#8243; fullwidth_field=&#8221;on&#8221; _builder_version=&#8221;4.17.6&#8243; _module_preset=&#8221;default&#8221; global_colors_info=&#8221;{}&#8221;][\/et_pb_contact_field][\/et_pb_contact_form][\/et_pb_column][et_pb_column type=&#8221;1_2&#8243; disabled_on=&#8221;on|on|off&#8221; _builder_version=&#8221;4.16&#8243; _module_preset=&#8221;default&#8221; background_enable_image=&#8221;off&#8221; parallax=&#8221;on&#8221; global_colors_info=&#8221;{}&#8221;][et_pb_text _builder_version=&#8221;4.17.6&#8243; _module_preset=&#8221;default&#8221; text_letter_spacing=&#8221;0.55px&#8221; text_line_height=&#8221;26px&#8221; link_font=&#8221;Basic Commercial LT W04 Light||||||||&#8221; global_colors_info=&#8221;{}&#8221;]<\/p>\n<p>Schibano Pharma AG<br \/>T\u00fcfi 450<br \/>CH-9105 Wald-Sch\u00f6nengrund<\/p>\n<p><a class=\"underline-text\" href=\"tel:0041713600224\">+41 (0)71 360 02 24<\/a><br \/><a class=\"underline-text\" href=\"mailto:info@schibano-pharma.ch\">info@schibano-pharma.ch<\/a><\/p>\n<p>[\/et_pb_text][\/et_pb_column][\/et_pb_row][\/et_pb_section][et_pb_section fb_built=&#8221;1&#8243; _builder_version=&#8221;4.16&#8243; _module_preset=&#8221;default&#8221; custom_padding=&#8221;7px|||||&#8221; global_colors_info=&#8221;{}&#8221;][et_pb_row _builder_version=&#8221;4.16&#8243; _module_preset=&#8221;default&#8221; width=&#8221;100%&#8221; max_width=&#8221;1440px&#8221; module_alignment=&#8221;center&#8221; custom_margin=&#8221;|0px||0px|false|false&#8221; custom_padding=&#8221;|20px||20px|false|false&#8221; global_colors_info=&#8221;{}&#8221;][et_pb_column type=&#8221;4_4&#8243; _builder_version=&#8221;4.16&#8243; _module_preset=&#8221;default&#8221; global_colors_info=&#8221;{}&#8221;][et_pb_map address=&#8221;T\u00fcfi 450, 9105 St. Peterzell, Schweiz&#8221; zoom_level=&#8221;8&#8243; address_lat=&#8221;47.3231256&#8243; address_lng=&#8221;9.2129536&#8243; _builder_version=&#8221;4.17.6&#8243; _module_preset=&#8221;default&#8221; global_colors_info=&#8221;{}&#8221;][et_pb_map_pin title=&#8221;Hauptsitz &#8211; Schibano Pharma AG&#8221; pin_address=&#8221;T\u00fcfi 450, 9105 St. Peterzell, Schweiz&#8221; zoom_level=&#8221;7&#8243; pin_address_lat=&#8221;47.3231256&#8243; pin_address_lng=&#8221;9.2129536&#8243; _builder_version=&#8221;4.7.7&#8243; _module_preset=&#8221;default&#8221; global_colors_info=&#8221;{}&#8221;][\/et_pb_map_pin][\/et_pb_map][et_pb_code _builder_version=&#8221;4.17.6&#8243; _module_preset=&#8221;default&#8221; global_colors_info=&#8221;{}&#8221;]<script><!-- [et_pb_line_break_holder] -->document.getElementsByClassName(\"et_pb_contact_field_checkbox\")[0].innerHTML = '<span class=\"et_pb_contact_field_checkbox\"><input type=\"checkbox\" id=\"et_pb_contact_field_5_4_0\" class=\"input\" value=\"I have read and agree to the\" data-id=\"-1\"><label for=\"et_pb_contact_field_5_4_0\" style=\"display: flex;\"><pee><i style=\"width: 16px !important;\"><\/i><\/pee> <pee style=\"    cursor: default;\">I have read and agree to the <a href=\"https:\/\/schibano-swiss-pharma.com\/en\/data-protection-policy\/\" target=\"_blank\" class=\"underline\">privacy policy<\/a> privacy policy. I consent to the electronic collection and storage of my information and data for the purpose of responding to my enquiry. I am aware that I can revoke my consent <a class=\"underline\" href=\"https:\/\/schibano-swiss-pharma.com\/en\/cookies\/\"> here <\/a> at any time for the future.<\/pee><\/label><\/span>'<!-- [et_pb_line_break_holder] --><!-- [et_pb_line_break_holder] --><\/script>[\/et_pb_code][\/et_pb_column][\/et_pb_row][\/et_pb_section]<\/p>\n","protected":false},"excerpt":{"rendered":"<p>contact+41 (0)71 360 02 24 info@schibano-pharma.ch Schibano Pharma AG T\u00fcfi 450 CH-9105 Wald-Sch\u00f6nengrundWe look forward to hearing from you. Our team will be happy to assist you at any time.Schibano Pharma AGT\u00fcfi 450CH-9105 Wald-Sch\u00f6nengrund +41 (0)71 360 02 24info@schibano-pharma.ch<\/p>\n","protected":false},"author":1,"featured_media":0,"parent":0,"menu_order":0,"comment_status":"closed","ping_status":"closed","template":"","meta":{"_et_pb_use_builder":"on","_et_pb_old_content":"","_et_gb_content_width":"","footnotes":""},"class_list":["post-29403","page","type-page","status-publish","hentry"],"aioseo_notices":[],"_links":{"self":[{"href":"https:\/\/schibano-swiss-pharma.com\/en\/wp-json\/wp\/v2\/pages\/29403","targetHints":{"allow":["GET"]}}],"collection":[{"href":"https:\/\/schibano-swiss-pharma.com\/en\/wp-json\/wp\/v2\/pages"}],"about":[{"href":"https:\/\/schibano-swiss-pharma.com\/en\/wp-json\/wp\/v2\/types\/page"}],"author":[{"embeddable":true,"href":"https:\/\/schibano-swiss-pharma.com\/en\/wp-json\/wp\/v2\/users\/1"}],"replies":[{"embeddable":true,"href":"https:\/\/schibano-swiss-pharma.com\/en\/wp-json\/wp\/v2\/comments?post=29403"}],"version-history":[{"count":23,"href":"https:\/\/schibano-swiss-pharma.com\/en\/wp-json\/wp\/v2\/pages\/29403\/revisions"}],"predecessor-version":[{"id":30059,"href":"https:\/\/schibano-swiss-pharma.com\/en\/wp-json\/wp\/v2\/pages\/29403\/revisions\/30059"}],"wp:attachment":[{"href":"https:\/\/schibano-swiss-pharma.com\/en\/wp-json\/wp\/v2\/media?parent=29403"}],"curies":[{"name":"wp","href":"https:\/\/api.w.org\/{rel}","templated":true}]}}